{"id":109159,"date":"2024-12-03T20:06:22","date_gmt":"2024-12-03T23:06:22","guid":{"rendered":"https:\/\/pconeargentina.com.ar\/?post_type=product&#038;p=109159"},"modified":"2026-04-14T12:28:13","modified_gmt":"2026-04-14T15:28:13","slug":"micro-sd-256gb-hiksemi","status":"publish","type":"product","link":"http:\/\/pconeargentina.com.ar\/?product=micro-sd-256gb-hiksemi","title":{"rendered":"MICRO SD 256GB HIKSEMI"},"content":{"rendered":"<p class=\"\" data-start=\"55\" data-end=\"359\"><strong data-start=\"55\" data-end=\"88\">Tarjeta MicroSD 256GB Hiksemi<\/strong><br data-start=\"88\" data-end=\"91\" \/>La tarjeta MicroSD Hiksemi de 256GB proporciona gran capacidad de almacenamiento para dispositivos m\u00f3viles, c\u00e1maras y drones. Con velocidades r\u00e1pidas de lectura y escritura, es ideal para almacenar grandes cantidades de fotos, videos y aplicaciones sin preocupaciones.<\/p>\n<p class=\"\" data-start=\"361\" data-end=\"391\"><strong data-start=\"361\" data-end=\"391\">Especificaciones t\u00e9cnicas:<\/strong><\/p>\n<ul data-start=\"392\" data-end=\"645\">\n<li class=\"\" data-start=\"392\" data-end=\"412\">\n<p class=\"\" data-start=\"394\" data-end=\"412\">Capacidad: 256GB<\/p>\n<\/li>\n<li class=\"\" data-start=\"413\" data-end=\"452\">\n<p class=\"\" data-start=\"415\" data-end=\"452\">Velocidad de lectura: hasta 100MB\/s<\/p>\n<\/li>\n<li class=\"\" data-start=\"453\" data-end=\"493\">\n<p class=\"\" data-start=\"455\" data-end=\"493\">Velocidad de escritura: hasta 60MB\/s<\/p>\n<\/li>\n<li class=\"\" data-start=\"494\" data-end=\"523\">\n<p class=\"\" data-start=\"496\" data-end=\"523\">Clase: UHS-I U3, Clase 10<\/p>\n<\/li>\n<li class=\"\" data-start=\"524\" data-end=\"592\">\n<p class=\"\" data-start=\"526\" data-end=\"592\">Resistencia: resistente al agua, temperaturas extremas y rayos X<\/p>\n<\/li>\n<li class=\"\" data-start=\"593\" data-end=\"645\">\n<p class=\"\" data-start=\"595\" data-end=\"645\">Compatible con dispositivos que soporten microSDXC<\/p>\n<\/li>\n<\/ul>\n","protected":false},"excerpt":{"rendered":"<p>Tarjeta MicroSD 256GB HiksemiLa tarjeta MicroSD Hiksemi de 256GB proporciona gran capacidad de almacenamiento para dispositivos m\u00f3viles, c\u00e1maras y drones. Con velocidades r\u00e1pidas de lectura y escritura, es ideal para almacenar grandes cantidades de fotos, videos y aplicaciones sin preocupaciones. Especificaciones t\u00e9cnicas: Capacidad: 256GB Velocidad de lectura: hasta 100MB\/s Velocidad de escritura: hasta 60MB\/s Clase: UHS-I U3, Clase 10 Resistencia: resistente al agua, temperaturas extremas y rayos X Compatible con dispositivos que soporten microSDXC<\/p>\n","protected":false},"featured_media":113438,"template":"","meta":{"site-sidebar-layout":"default","site-content-layout":"","ast-site-content-layout":"default","site-content-style":"default","site-sidebar-style":"default","ast-global-header-display":"","ast-banner-title-visibility":"","ast-main-header-display":"","ast-hfb-above-header-display":"","ast-hfb-below-header-display":"","ast-hfb-mobile-header-display":"","site-post-title":"","ast-breadcrumbs-content":"","ast-featured-img":"","footer-sml-layout":"","ast-disable-related-posts":"","theme-transparent-header-meta":"default","adv-header-id-meta":"","stick-header-meta":"","header-above-stick-meta":"","header-main-stick-meta":"","header-below-stick-meta":"","astra-migrate-meta-layouts":"set","ast-page-background-enabled":"default","ast-page-background-meta":{"desktop":{"background-color":"var(--ast-global-color-4)","background-image":"","background-repeat":"repeat","background-position":"center center","background-size":"auto","background-attachment":"scroll","background-type":"","background-media":"","overlay-type":"","overlay-color":"","overlay-opacity":"","overlay-gradient":""},"tablet":{"background-color":"","background-image":"","background-repeat":"repeat","background-position":"center center","background-size":"auto","background-attachment":"scroll","background-type":"","background-media":"","overlay-type":"","overlay-color":"","overlay-opacity":"","overlay-gradient":""},"mobile":{"background-color":"","background-image":"","background-repeat":"repeat","background-position":"center center","background-size":"auto","background-attachment":"scroll","background-type":"","background-media":"","overlay-type":"","overlay-color":"","overlay-opacity":"","overlay-gradient":""}},"ast-content-background-meta":{"desktop":{"background-color":"var(--ast-global-color-5)","background-image":"","background-repeat":"repeat","background-position":"center center","background-size":"auto","background-attachment":"scroll","background-type":"","background-media":"","overlay-type":"","overlay-color":"","overlay-opacity":"","overlay-gradient":""},"tablet":{"background-color":"var(--ast-global-color-5)","background-image":"","background-repeat":"repeat","background-position":"center center","background-size":"auto","background-attachment":"scroll","background-type":"","background-media":"","overlay-type":"","overlay-color":"","overlay-opacity":"","overlay-gradient":""},"mobile":{"background-color":"var(--ast-global-color-5)","background-image":"","background-repeat":"repeat","background-position":"center center","background-size":"auto","background-attachment":"scroll","background-type":"","background-media":"","overlay-type":"","overlay-color":"","overlay-opacity":"","overlay-gradient":""}}},"product_brand":[],"product_cat":[235,271],"product_tag":[],"class_list":{"0":"post-109159","1":"product","2":"type-product","3":"status-publish","4":"has-post-thumbnail","6":"product_cat-componentes","7":"product_cat-memorias-ram","8":"desktop-align-left","9":"tablet-align-left","10":"mobile-align-left","12":"first","13":"instock","14":"taxable","15":"shipping-taxable","16":"purchasable","17":"product-type-simple"},"aioseo_notices":[],"_links":{"self":[{"href":"http:\/\/pconeargentina.com.ar\/index.php?rest_route=\/wp\/v2\/product\/109159","targetHints":{"allow":["GET"]}}],"collection":[{"href":"http:\/\/pconeargentina.com.ar\/index.php?rest_route=\/wp\/v2\/product"}],"about":[{"href":"http:\/\/pconeargentina.com.ar\/index.php?rest_route=\/wp\/v2\/types\/product"}],"version-history":[{"count":6,"href":"http:\/\/pconeargentina.com.ar\/index.php?rest_route=\/wp\/v2\/product\/109159\/revisions"}],"predecessor-version":[{"id":122964,"href":"http:\/\/pconeargentina.com.ar\/index.php?rest_route=\/wp\/v2\/product\/109159\/revisions\/122964"}],"wp:featuredmedia":[{"embeddable":true,"href":"http:\/\/pconeargentina.com.ar\/index.php?rest_route=\/wp\/v2\/media\/113438"}],"wp:attachment":[{"href":"http:\/\/pconeargentina.com.ar\/index.php?rest_route=%2Fwp%2Fv2%2Fmedia&parent=109159"}],"wp:term":[{"taxonomy":"product_brand","embeddable":true,"href":"http:\/\/pconeargentina.com.ar\/index.php?rest_route=%2Fwp%2Fv2%2Fproduct_brand&post=109159"},{"taxonomy":"product_cat","embeddable":true,"href":"http:\/\/pconeargentina.com.ar\/index.php?rest_route=%2Fwp%2Fv2%2Fproduct_cat&post=109159"},{"taxonomy":"product_tag","embeddable":true,"href":"http:\/\/pconeargentina.com.ar\/index.php?rest_route=%2Fwp%2Fv2%2Fproduct_tag&post=109159"}],"curies":[{"name":"wp","href":"https:\/\/api.w.org\/{rel}","templated":true}]}}