{"id":109260,"date":"2024-12-03T20:06:55","date_gmt":"2024-12-03T23:06:55","guid":{"rendered":"https:\/\/pconeargentina.com.ar\/?post_type=product&#038;p=109260"},"modified":"2026-04-14T12:28:29","modified_gmt":"2026-04-14T15:28:29","slug":"switch-mercusys-ms-108gs-giga","status":"publish","type":"product","link":"http:\/\/pconeargentina.com.ar\/?product=switch-mercusys-ms-108gs-giga","title":{"rendered":"SWITCH MERCUSYS MS 108GS GIGA"},"content":{"rendered":"<p class=\"\" data-start=\"54\" data-end=\"361\"><strong data-start=\"54\" data-end=\"99\">Switch Mercusys MS108GS 8 Puertos Gigabit<\/strong><br data-start=\"99\" data-end=\"102\" \/>El Mercusys MS108GS es un switch de escritorio con 8 puertos Gigabit, ideal para ampliar f\u00e1cilmente tu red cableada con conexiones r\u00e1pidas y estables. Su dise\u00f1o compacto y funcionamiento silencioso lo hacen perfecto para oficinas, hogares o peque\u00f1os negocios.<\/p>\n<p class=\"\" data-start=\"363\" data-end=\"393\"><strong data-start=\"363\" data-end=\"393\">Especificaciones t\u00e9cnicas:<\/strong><\/p>\n<ul data-start=\"394\" data-end=\"802\">\n<li class=\"\" data-start=\"394\" data-end=\"440\">\n<p class=\"\" data-start=\"396\" data-end=\"440\">Puertos: 8x RJ45 Gigabit (10\/100\/1000Mbps)<\/p>\n<\/li>\n<li class=\"\" data-start=\"441\" data-end=\"487\">\n<p class=\"\" data-start=\"443\" data-end=\"487\">Tipo: Switch no gestionado (plug and play)<\/p>\n<\/li>\n<li class=\"\" data-start=\"488\" data-end=\"550\">\n<p class=\"\" data-start=\"490\" data-end=\"550\">Velocidad total: hasta 16 Gbps de capacidad de conmutaci\u00f3n<\/p>\n<\/li>\n<li class=\"\" data-start=\"551\" data-end=\"620\">\n<p class=\"\" data-start=\"553\" data-end=\"620\">Caracter\u00edsticas: Auto MDI\/MDIX, detecci\u00f3n autom\u00e1tica de velocidad<\/p>\n<\/li>\n<li class=\"\" data-start=\"621\" data-end=\"672\">\n<p class=\"\" data-start=\"623\" data-end=\"672\">Instalaci\u00f3n: Sin configuraci\u00f3n, listo para usar<\/p>\n<\/li>\n<li class=\"\" data-start=\"673\" data-end=\"742\">\n<p class=\"\" data-start=\"675\" data-end=\"742\">Consumo: Bajo consumo de energ\u00eda, tecnolog\u00eda de ahorro energ\u00e9tico<\/p>\n<\/li>\n<li class=\"\" data-start=\"743\" data-end=\"802\">\n<p class=\"\" data-start=\"745\" data-end=\"802\">Formato: Carcasa pl\u00e1stica, dise\u00f1o compacto y silencioso<\/p>\n<\/li>\n<\/ul>\n","protected":false},"excerpt":{"rendered":"<p>Switch Mercusys MS108GS 8 Puertos GigabitEl Mercusys MS108GS es un switch de escritorio con 8 puertos Gigabit, ideal para ampliar f\u00e1cilmente tu red cableada con conexiones r\u00e1pidas y estables. Su dise\u00f1o compacto y funcionamiento silencioso lo hacen perfecto para oficinas, hogares o peque\u00f1os negocios. Especificaciones t\u00e9cnicas: Puertos: 8x RJ45 Gigabit (10\/100\/1000Mbps) Tipo: Switch no gestionado (plug and play) Velocidad total: hasta 16 Gbps de capacidad de conmutaci\u00f3n Caracter\u00edsticas: Auto MDI\/MDIX, detecci\u00f3n autom\u00e1tica de velocidad Instalaci\u00f3n: Sin configuraci\u00f3n, listo para usar Consumo: Bajo consumo de energ\u00eda, tecnolog\u00eda de ahorro energ\u00e9tico Formato: Carcasa pl\u00e1stica, dise\u00f1o compacto y silencioso<\/p>\n","protected":false},"featured_media":113459,"template":"","meta":{"site-sidebar-layout":"default","site-content-layout":"","ast-site-content-layout":"default","site-content-style":"default","site-sidebar-style":"default","ast-global-header-display":"","ast-banner-title-visibility":"","ast-main-header-display":"","ast-hfb-above-header-display":"","ast-hfb-below-header-display":"","ast-hfb-mobile-header-display":"","site-post-title":"","ast-breadcrumbs-content":"","ast-featured-img":"","footer-sml-layout":"","ast-disable-related-posts":"","theme-transparent-header-meta":"default","adv-header-id-meta":"","stick-header-meta":"","header-above-stick-meta":"","header-main-stick-meta":"","header-below-stick-meta":"","astra-migrate-meta-layouts":"set","ast-page-background-enabled":"default","ast-page-background-meta":{"desktop":{"background-color":"var(--ast-global-color-4)","background-image":"","background-repeat":"repeat","background-position":"center center","background-size":"auto","background-attachment":"scroll","background-type":"","background-media":"","overlay-type":"","overlay-color":"","overlay-opacity":"","overlay-gradient":""},"tablet":{"background-color":"","background-image":"","background-repeat":"repeat","background-position":"center center","background-size":"auto","background-attachment":"scroll","background-type":"","background-media":"","overlay-type":"","overlay-color":"","overlay-opacity":"","overlay-gradient":""},"mobile":{"background-color":"","background-image":"","background-repeat":"repeat","background-position":"center center","background-size":"auto","background-attachment":"scroll","background-type":"","background-media":"","overlay-type":"","overlay-color":"","overlay-opacity":"","overlay-gradient":""}},"ast-content-background-meta":{"desktop":{"background-color":"var(--ast-global-color-5)","background-image":"","background-repeat":"repeat","background-position":"center center","background-size":"auto","background-attachment":"scroll","background-type":"","background-media":"","overlay-type":"","overlay-color":"","overlay-opacity":"","overlay-gradient":""},"tablet":{"background-color":"var(--ast-global-color-5)","background-image":"","background-repeat":"repeat","background-position":"center center","background-size":"auto","background-attachment":"scroll","background-type":"","background-media":"","overlay-type":"","overlay-color":"","overlay-opacity":"","overlay-gradient":""},"mobile":{"background-color":"var(--ast-global-color-5)","background-image":"","background-repeat":"repeat","background-position":"center center","background-size":"auto","background-attachment":"scroll","background-type":"","background-media":"","overlay-type":"","overlay-color":"","overlay-opacity":"","overlay-gradient":""}}},"product_brand":[],"product_cat":[351,349],"product_tag":[],"class_list":{"0":"post-109260","1":"product","2":"type-product","3":"status-publish","4":"has-post-thumbnail","6":"product_cat-adaptadores","7":"product_cat-conectividad","8":"desktop-align-left","9":"tablet-align-left","10":"mobile-align-left","12":"first","13":"instock","14":"taxable","15":"shipping-taxable","16":"purchasable","17":"product-type-simple"},"aioseo_notices":[],"_links":{"self":[{"href":"http:\/\/pconeargentina.com.ar\/index.php?rest_route=\/wp\/v2\/product\/109260","targetHints":{"allow":["GET"]}}],"collection":[{"href":"http:\/\/pconeargentina.com.ar\/index.php?rest_route=\/wp\/v2\/product"}],"about":[{"href":"http:\/\/pconeargentina.com.ar\/index.php?rest_route=\/wp\/v2\/types\/product"}],"version-history":[{"count":6,"href":"http:\/\/pconeargentina.com.ar\/index.php?rest_route=\/wp\/v2\/product\/109260\/revisions"}],"predecessor-version":[{"id":123148,"href":"http:\/\/pconeargentina.com.ar\/index.php?rest_route=\/wp\/v2\/product\/109260\/revisions\/123148"}],"wp:featuredmedia":[{"embeddable":true,"href":"http:\/\/pconeargentina.com.ar\/index.php?rest_route=\/wp\/v2\/media\/113459"}],"wp:attachment":[{"href":"http:\/\/pconeargentina.com.ar\/index.php?rest_route=%2Fwp%2Fv2%2Fmedia&parent=109260"}],"wp:term":[{"taxonomy":"product_brand","embeddable":true,"href":"http:\/\/pconeargentina.com.ar\/index.php?rest_route=%2Fwp%2Fv2%2Fproduct_brand&post=109260"},{"taxonomy":"product_cat","embeddable":true,"href":"http:\/\/pconeargentina.com.ar\/index.php?rest_route=%2Fwp%2Fv2%2Fproduct_cat&post=109260"},{"taxonomy":"product_tag","embeddable":true,"href":"http:\/\/pconeargentina.com.ar\/index.php?rest_route=%2Fwp%2Fv2%2Fproduct_tag&post=109260"}],"curies":[{"name":"wp","href":"https:\/\/api.w.org\/{rel}","templated":true}]}}