{"id":11305,"date":"2022-01-12T12:06:24","date_gmt":"2022-01-12T15:06:24","guid":{"rendered":"http:\/\/pconeargentina.com.ar\/?post_type=product&#038;p=11305"},"modified":"2026-04-14T12:27:51","modified_gmt":"2026-04-14T15:27:51","slug":"asrock-a320m-hdv-am4","status":"publish","type":"product","link":"http:\/\/pconeargentina.com.ar\/?product=asrock-a320m-hdv-am4","title":{"rendered":"SODIMM DDR4 8GB 2666 MICRON"},"content":{"rendered":"<h2>ASROCK A320M-HDV R4.0: \u00a1DISE\u00d1ADO PARA EL FUTURO!<\/h2>\n<div>Basada en el chipset AMD AM4, la<strong>\u00a0placa base ASRock A320M-HDV R4.0\u00a0<\/strong>est\u00e1 dise\u00f1ada para soportar procesadores AMD Ryzen. Permitir\u00e1 el ensamblaje de una configuraci\u00f3n Multimedia u ofim\u00e1tica a un coste menor, a la vez que se equipa con un potente procesador y se mantiene un tama\u00f1o reducido. Con soporte para 16x tarjetas gr\u00e1ficas PCI-Express 3.0, unidades SATA de 6Gb\/s y M.2, DDR4 RAM y USB 3.0, esta placa madre de \u00faltima generaci\u00f3n es ideal para los entusiastas de los videojuegos y la Realidad Virtual.<\/div>\n<div><\/div>\n<table border=\"0\" width=\"100%\" cellspacing=\"1\" cellpadding=\"1\">\n<tbody>\n<tr>\n<td>\n<h2>LAS VENTAJAS DE LA PLACA BASE ASROCK A320M-HDV R4.0:<\/h2>\n<ul>\n<li>Socket AMD AM4 para AMD Ryzen y AMD Procesador de 7\u00aa generaci\u00f3n de la serie A\/Athlon para socket AM4<\/li>\n<li>2 ranuras DDR4 3200+ MHz (OC) Memoria de doble canal<\/li>\n<li>4 SATA 6Gb\/s, 1 Ultra M.2 (PCIe Gen3 x4 o Gen3 x2)<\/li>\n<li>1 ranura PCI-Express 3.0 x16<\/li>\n<li>Audio 7.1 CH HD HD (Realtek ALC887Audio Codec)<\/li>\n<li>6 puertos USB 3.0 (2 delanteros, 4 traseros) + 6 puertos USB 2.0 (2 traseros)<\/li>\n<li>Red: Realtek RTL8111h<\/li>\n<li>Formato Micro ATX<\/li>\n<\/ul>\n<\/td>\n<td width=\"450\"><img decoding=\"async\" src=\"https:\/\/media.ldlc.com\/bo\/images\/fiches\/carte-mere\/amd_ryzen\/a320m-hdv-r4_0.jpg\" alt=\"\" \/><\/td>\n<\/tr>\n<\/tbody>\n<\/table>\n<p>&nbsp;<\/p>\n<div><\/div>\n<table border=\"0\" width=\"100%\" cellspacing=\"1\" cellpadding=\"1\">\n<tbody>\n<tr>\n<td width=\"450\"><img decoding=\"async\" src=\"https:\/\/media.ldlc.com\/bo\/images\/fiches\/processeur\/amd\/amd_ryzen\/amd_ryzen_logo.jpg\" alt=\"\" \/><\/td>\n<td>\n<h2>AMD RISES AGAIN<\/h2>\n<div>\u200b\u200b\u200b\u200b\u200b\u200b\u200bUn potente procesador es una bendici\u00f3n para los gamers y usuarios m\u00e1s exigentes que buscan rendimiento y eficiencia. Los procesadores Ryzen de AMD est\u00e1n dise\u00f1ados para cumplir estos requisitos. Son potentes, tienen muchos n\u00facleos, una cach\u00e9 alta y un consumo de energ\u00eda moderado. Y para hacer frente a la menor tensi\u00f3n, la tecnolog\u00eda AMD Turbo Core elevar\u00e1 al m\u00e1ximo la frecuencia del n\u00facleo cuando m\u00e1s lo necesite. Como puedes ver, AMD Ryzen es un procesador de nueva generaci\u00f3n ultra potente dise\u00f1ado para hacer TODO.<\/div>\n<\/td>\n<\/tr>\n<\/tbody>\n<\/table>\n<p>&nbsp;<\/p>\n<div><\/div>\n<table border=\"0\" width=\"100%\" cellspacing=\"1\" cellpadding=\"1\">\n<tbody>\n<tr>\n<td>\n<div>\n<h2>ARME TU M\u00c1QUINA DE RV<\/h2>\n<\/div>\n<div>Prep\u00e1rete para entrar en el mundo de la realidad virtual. Pero antes que nada, debe asegurarte de que tu sistema est\u00e9 listo: hardware, software y controladores. La placa madre es el componente principal del sistema y las placas base ASRock VR Ready ya est\u00e1n listas: Han sido rigurosamente probados y sus componentes y rendimiento le garantizar\u00e1n una inmersi\u00f3n total en el mundo de la realidad virtual. Los usuarios tienen la seguridad de que pueden disfrutar de su experiencia de RV sin problemas de compatibilidad.<\/div>\n<\/td>\n<td width=\"450\"><img decoding=\"async\" src=\"https:\/\/media.ldlc.com\/bo\/images\/fiches\/carte-mere\/amd_ryzen\/asrock_vr.jpg\" alt=\"\" \/><\/td>\n<\/tr>\n<\/tbody>\n<\/table>\n<p>&nbsp;<\/p>\n<div><\/div>\n<table border=\"0\" width=\"100%\" cellspacing=\"1\" cellpadding=\"1\">\n<tbody>\n<tr>\n<td width=\"450\"><img decoding=\"async\" src=\"https:\/\/media.ldlc.com\/bo\/images\/fiches\/carte-mere\/ab350m-hdv\/02.jpg\" alt=\"\" \/><\/td>\n<td>\n<h2>PUERTO ULTRA M.2 PARA SSD<\/h2>\n<p>Una interfaz PCIe Gen3 x4 Ultra M.2 con velocidades de transferencia de datos de hasta 32 Gb\/s, compatible con el kit ASRock U.2 para instalar las unidades SSD U.2 PCIe Gen3 x4.<\/p>\n<h2>TRIPLE MONITOR<\/h2>\n<div>Cada vez m\u00e1s pantallas! Esta placa base es compatible con Triple Monitor para una mayor visualizaci\u00f3n. Puedes seleccionar hasta tres salidas en el panel de E\/S trasero para conectar tus monitores y utilizarlos simult\u00e1neamente sin tener que a\u00f1adir una tarjeta gr\u00e1fica adicional.<\/div>\n<\/td>\n<\/tr>\n<\/tbody>\n<\/table>\n","protected":false},"excerpt":{"rendered":"<p>ASROCK A320M-HDV R4.0: \u00a1DISE\u00d1ADO PARA EL FUTURO! Basada en el chipset AMD AM4, la\u00a0placa base ASRock A320M-HDV R4.0\u00a0est\u00e1 dise\u00f1ada para soportar procesadores AMD Ryzen. Permitir\u00e1 el ensamblaje de una configuraci\u00f3n Multimedia u ofim\u00e1tica a un coste menor, a la vez que se equipa con un potente procesador y se mantiene un tama\u00f1o reducido. Con soporte para 16x tarjetas gr\u00e1ficas PCI-Express 3.0, unidades SATA de 6Gb\/s y M.2, DDR4 RAM y USB 3.0, esta placa madre de \u00faltima generaci\u00f3n es ideal para los entusiastas de los videojuegos y la Realidad Virtual. LAS VENTAJAS DE LA PLACA BASE ASROCK A320M-HDV R4.0: Socket AMD AM4 para AMD Ryzen y AMD Procesador de 7\u00aa generaci\u00f3n de la serie A\/Athlon para socket AM4 2 ranuras DDR4 3200+ MHz (OC) Memoria de doble canal 4 SATA 6Gb\/s, 1 Ultra M.2 (PCIe Gen3 x4 o Gen3 x2) 1 ranura PCI-Express 3.0 x16 Audio 7.1 CH HD HD (Realtek ALC887Audio Codec) 6 puertos USB 3.0 (2 delanteros, 4 traseros) + 6 puertos USB 2.0 (2 traseros) Red: Realtek RTL8111h Formato Micro ATX &nbsp; AMD RISES AGAIN \u200b\u200b\u200b\u200b\u200b\u200b\u200bUn potente procesador es una bendici\u00f3n para los gamers y usuarios m\u00e1s exigentes que buscan rendimiento y eficiencia. Los procesadores Ryzen de AMD est\u00e1n dise\u00f1ados para cumplir estos requisitos. Son potentes, tienen muchos n\u00facleos, una cach\u00e9 alta y un consumo de energ\u00eda moderado. Y para hacer frente a la menor tensi\u00f3n, la tecnolog\u00eda AMD Turbo Core elevar\u00e1 al m\u00e1ximo la frecuencia del n\u00facleo cuando m\u00e1s lo necesite. Como puedes ver, AMD Ryzen es un procesador de nueva generaci\u00f3n ultra potente dise\u00f1ado para hacer TODO. &nbsp; ARME TU M\u00c1QUINA DE RV Prep\u00e1rete para entrar en el mundo de la realidad virtual. Pero antes que nada, debe asegurarte de que tu sistema est\u00e9 listo: hardware, software y controladores. La placa madre es el componente principal del sistema y las placas base ASRock VR Ready ya est\u00e1n listas: Han sido rigurosamente probados y sus componentes y rendimiento le garantizar\u00e1n una inmersi\u00f3n total en el mundo de la realidad virtual. Los usuarios tienen la seguridad de que pueden disfrutar de su experiencia de RV sin problemas de compatibilidad. &nbsp; PUERTO ULTRA M.2 PARA SSD Una interfaz PCIe Gen3 x4 Ultra M.2 con velocidades de transferencia de datos de hasta 32 Gb\/s, compatible con el kit ASRock U.2 para instalar las unidades SSD U.2 PCIe Gen3 x4. TRIPLE MONITOR Cada vez m\u00e1s pantallas! Esta placa base es compatible con Triple Monitor para una mayor visualizaci\u00f3n. Puedes seleccionar hasta tres salidas en el panel de E\/S trasero para conectar tus monitores y utilizarlos simult\u00e1neamente sin tener que a\u00f1adir una tarjeta gr\u00e1fica adicional.<\/p>\n","protected":false},"featured_media":100259,"template":"","meta":{"site-sidebar-layout":"default","site-content-layout":"default","ast-site-content-layout":"default","site-content-style":"default","site-sidebar-style":"default","ast-global-header-display":"","ast-banner-title-visibility":"","ast-main-header-display":"","ast-hfb-above-header-display":"","ast-hfb-below-header-display":"","ast-hfb-mobile-header-display":"","site-post-title":"","ast-breadcrumbs-content":"","ast-featured-img":"","footer-sml-layout":"","ast-disable-related-posts":"","theme-transparent-header-meta":"default","adv-header-id-meta":"","stick-header-meta":"","header-above-stick-meta":"","header-main-stick-meta":"","header-below-stick-meta":"","astra-migrate-meta-layouts":"default","ast-page-background-enabled":"default","ast-page-background-meta":{"desktop":{"background-color":"var(--ast-global-color-4)","background-image":"","background-repeat":"repeat","background-position":"center center","background-size":"auto","background-attachment":"scroll","background-type":"","background-media":"","overlay-type":"","overlay-color":"","overlay-opacity":"","overlay-gradient":""},"tablet":{"background-color":"","background-image":"","background-repeat":"repeat","background-position":"center center","background-size":"auto","background-attachment":"scroll","background-type":"","background-media":"","overlay-type":"","overlay-color":"","overlay-opacity":"","overlay-gradient":""},"mobile":{"background-color":"","background-image":"","background-repeat":"repeat","background-position":"center center","background-size":"auto","background-attachment":"scroll","background-type":"","background-media":"","overlay-type":"","overlay-color":"","overlay-opacity":"","overlay-gradient":""}},"ast-content-background-meta":{"desktop":{"background-color":"var(--ast-global-color-5)","background-image":"","background-repeat":"repeat","background-position":"center center","background-size":"auto","background-attachment":"scroll","background-type":"","background-media":"","overlay-type":"","overlay-color":"","overlay-opacity":"","overlay-gradient":""},"tablet":{"background-color":"var(--ast-global-color-5)","background-image":"","background-repeat":"repeat","background-position":"center center","background-size":"auto","background-attachment":"scroll","background-type":"","background-media":"","overlay-type":"","overlay-color":"","overlay-opacity":"","overlay-gradient":""},"mobile":{"background-color":"var(--ast-global-color-5)","background-image":"","background-repeat":"repeat","background-position":"center center","background-size":"auto","background-attachment":"scroll","background-type":"","background-media":"","overlay-type":"","overlay-color":"","overlay-opacity":"","overlay-gradient":""}}},"product_brand":[],"product_cat":[235,269],"product_tag":[],"class_list":{"0":"post-11305","1":"product","2":"type-product","3":"status-publish","4":"has-post-thumbnail","6":"product_cat-componentes","7":"product_cat-motherboards","8":"desktop-align-left","9":"tablet-align-left","10":"mobile-align-left","12":"first","13":"instock","14":"taxable","15":"shipping-taxable","16":"purchasable","17":"product-type-simple"},"aioseo_notices":[],"_links":{"self":[{"href":"http:\/\/pconeargentina.com.ar\/index.php?rest_route=\/wp\/v2\/product\/11305","targetHints":{"allow":["GET"]}}],"collection":[{"href":"http:\/\/pconeargentina.com.ar\/index.php?rest_route=\/wp\/v2\/product"}],"about":[{"href":"http:\/\/pconeargentina.com.ar\/index.php?rest_route=\/wp\/v2\/types\/product"}],"version-history":[{"count":7,"href":"http:\/\/pconeargentina.com.ar\/index.php?rest_route=\/wp\/v2\/product\/11305\/revisions"}],"predecessor-version":[{"id":122715,"href":"http:\/\/pconeargentina.com.ar\/index.php?rest_route=\/wp\/v2\/product\/11305\/revisions\/122715"}],"wp:featuredmedia":[{"embeddable":true,"href":"http:\/\/pconeargentina.com.ar\/index.php?rest_route=\/wp\/v2\/media\/100259"}],"wp:attachment":[{"href":"http:\/\/pconeargentina.com.ar\/index.php?rest_route=%2Fwp%2Fv2%2Fmedia&parent=11305"}],"wp:term":[{"taxonomy":"product_brand","embeddable":true,"href":"http:\/\/pconeargentina.com.ar\/index.php?rest_route=%2Fwp%2Fv2%2Fproduct_brand&post=11305"},{"taxonomy":"product_cat","embeddable":true,"href":"http:\/\/pconeargentina.com.ar\/index.php?rest_route=%2Fwp%2Fv2%2Fproduct_cat&post=11305"},{"taxonomy":"product_tag","embeddable":true,"href":"http:\/\/pconeargentina.com.ar\/index.php?rest_route=%2Fwp%2Fv2%2Fproduct_tag&post=11305"}],"curies":[{"name":"wp","href":"https:\/\/api.w.org\/{rel}","templated":true}]}}