{"id":101667,"date":"2022-02-10T12:10:54","date_gmt":"2022-02-10T15:10:54","guid":{"rendered":"http:\/\/pconeargentina.com.ar\/?post_type=product&#038;p=101667"},"modified":"2026-05-14T10:22:53","modified_gmt":"2026-05-14T13:22:53","slug":"cable-hdmi-a-vga-mallado-1-5-m-2","status":"publish","type":"product","link":"https:\/\/pconeargentina.com.ar\/?product=cable-hdmi-a-vga-mallado-1-5-m-2","title":{"rendered":"CABLE HDMI A VGA MALLADO 1.5 M"},"content":{"rendered":"<p class=\"\" data-start=\"59\" data-end=\"378\"><strong data-start=\"59\" data-end=\"92\">Cable HDMI a VGA Mallado 1.5m<\/strong><br data-start=\"92\" data-end=\"95\" \/>Este cable HDMI a VGA de 1.5 metros es la soluci\u00f3n perfecta para conectar dispositivos con salida HDMI a monitores o proyectores con entrada VGA. Con un dise\u00f1o mallado que ofrece mayor durabilidad, garantiza una se\u00f1al estable y de alta calidad para tu presentaci\u00f3n o entretenimiento.<\/p>\n<p class=\"\" data-start=\"380\" data-end=\"410\"><strong data-start=\"380\" data-end=\"410\">Especificaciones t\u00e9cnicas:<\/strong><\/p>\n<ul data-start=\"411\" data-end=\"630\">\n<li class=\"\" data-start=\"411\" data-end=\"435\">\n<p class=\"\" data-start=\"413\" data-end=\"435\">Longitud: 1.5 metros<\/p>\n<\/li>\n<li class=\"\" data-start=\"436\" data-end=\"464\">\n<p class=\"\" data-start=\"438\" data-end=\"464\">Conector 1: HDMI (macho)<\/p>\n<\/li>\n<li class=\"\" data-start=\"465\" data-end=\"492\">\n<p class=\"\" data-start=\"467\" data-end=\"492\">Conector 2: VGA (macho)<\/p>\n<\/li>\n<li class=\"\" data-start=\"493\" data-end=\"551\">\n<p class=\"\" data-start=\"495\" data-end=\"551\">Material: Recubrimiento mallado para mayor resistencia<\/p>\n<\/li>\n<li class=\"\" data-start=\"552\" data-end=\"595\">\n<p class=\"\" data-start=\"554\" data-end=\"595\">Compatible con resoluciones hasta 1080p<\/p>\n<\/li>\n<li class=\"\" data-start=\"596\" data-end=\"630\">\n<p class=\"\" data-start=\"598\" data-end=\"630\">No requiere alimentaci\u00f3n externa<\/p>\n<\/li>\n<\/ul>\n","protected":false},"excerpt":{"rendered":"<p>Cable HDMI a VGA Mallado 1.5mEste cable HDMI a VGA de 1.5 metros es la soluci\u00f3n perfecta para conectar dispositivos con salida HDMI a monitores o proyectores con entrada VGA. Con un dise\u00f1o mallado que ofrece mayor durabilidad, garantiza una se\u00f1al estable y de alta calidad para tu presentaci\u00f3n o entretenimiento. Especificaciones t\u00e9cnicas: Longitud: 1.5 metros Conector 1: HDMI (macho) Conector 2: VGA (macho) Material: Recubrimiento mallado para mayor resistencia Compatible con resoluciones hasta 1080p No requiere alimentaci\u00f3n externa<\/p>\n","protected":false},"featured_media":113452,"template":"","meta":{"site-sidebar-layout":"default","site-content-layout":"","ast-site-content-layout":"default","site-content-style":"default","site-sidebar-style":"default","ast-global-header-display":"","ast-banner-title-visibility":"","ast-main-header-display":"","ast-hfb-above-header-display":"","ast-hfb-below-header-display":"","ast-hfb-mobile-header-display":"","site-post-title":"","ast-breadcrumbs-content":"","ast-featured-img":"","footer-sml-layout":"","ast-disable-related-posts":"","theme-transparent-header-meta":"default","adv-header-id-meta":"","stick-header-meta":"","header-above-stick-meta":"","header-main-stick-meta":"","header-below-stick-meta":"","astra-migrate-meta-layouts":"set","ast-page-background-enabled":"default","ast-page-background-meta":{"desktop":{"background-color":"var(--ast-global-color-4)","background-image":"","background-repeat":"repeat","background-position":"center center","background-size":"auto","background-attachment":"scroll","background-type":"","background-media":"","overlay-type":"","overlay-color":"","overlay-opacity":"","overlay-gradient":""},"tablet":{"background-color":"","background-image":"","background-repeat":"repeat","background-position":"center center","background-size":"auto","background-attachment":"scroll","background-type":"","background-media":"","overlay-type":"","overlay-color":"","overlay-opacity":"","overlay-gradient":""},"mobile":{"background-color":"","background-image":"","background-repeat":"repeat","background-position":"center center","background-size":"auto","background-attachment":"scroll","background-type":"","background-media":"","overlay-type":"","overlay-color":"","overlay-opacity":"","overlay-gradient":""}},"ast-content-background-meta":{"desktop":{"background-color":"var(--ast-global-color-5)","background-image":"","background-repeat":"repeat","background-position":"center center","background-size":"auto","background-attachment":"scroll","background-type":"","background-media":"","overlay-type":"","overlay-color":"","overlay-opacity":"","overlay-gradient":""},"tablet":{"background-color":"var(--ast-global-color-5)","background-image":"","background-repeat":"repeat","background-position":"center center","background-size":"auto","background-attachment":"scroll","background-type":"","background-media":"","overlay-type":"","overlay-color":"","overlay-opacity":"","overlay-gradient":""},"mobile":{"background-color":"var(--ast-global-color-5)","background-image":"","background-repeat":"repeat","background-position":"center center","background-size":"auto","background-attachment":"scroll","background-type":"","background-media":"","overlay-type":"","overlay-color":"","overlay-opacity":"","overlay-gradient":""}}},"product_brand":[],"product_cat":[351],"product_tag":[],"class_list":{"0":"post-101667","1":"product","2":"type-product","3":"status-publish","4":"has-post-thumbnail","6":"product_cat-adaptadores","7":"desktop-align-left","8":"tablet-align-left","9":"mobile-align-left","11":"first","12":"instock","13":"taxable","14":"shipping-taxable","15":"purchasable","16":"product-type-simple"},"aioseo_notices":[],"_links":{"self":[{"href":"https:\/\/pconeargentina.com.ar\/index.php?rest_route=\/wp\/v2\/product\/101667","targetHints":{"allow":["GET"]}}],"collection":[{"href":"https:\/\/pconeargentina.com.ar\/index.php?rest_route=\/wp\/v2\/product"}],"about":[{"href":"https:\/\/pconeargentina.com.ar\/index.php?rest_route=\/wp\/v2\/types\/product"}],"version-history":[{"count":4,"href":"https:\/\/pconeargentina.com.ar\/index.php?rest_route=\/wp\/v2\/product\/101667\/revisions"}],"predecessor-version":[{"id":123047,"href":"https:\/\/pconeargentina.com.ar\/index.php?rest_route=\/wp\/v2\/product\/101667\/revisions\/123047"}],"wp:featuredmedia":[{"embeddable":true,"href":"https:\/\/pconeargentina.com.ar\/index.php?rest_route=\/wp\/v2\/media\/113452"}],"wp:attachment":[{"href":"https:\/\/pconeargentina.com.ar\/index.php?rest_route=%2Fwp%2Fv2%2Fmedia&parent=101667"}],"wp:term":[{"taxonomy":"product_brand","embeddable":true,"href":"https:\/\/pconeargentina.com.ar\/index.php?rest_route=%2Fwp%2Fv2%2Fproduct_brand&post=101667"},{"taxonomy":"product_cat","embeddable":true,"href":"https:\/\/pconeargentina.com.ar\/index.php?rest_route=%2Fwp%2Fv2%2Fproduct_cat&post=101667"},{"taxonomy":"product_tag","embeddable":true,"href":"https:\/\/pconeargentina.com.ar\/index.php?rest_route=%2Fwp%2Fv2%2Fproduct_tag&post=101667"}],"curies":[{"name":"wp","href":"https:\/\/api.w.org\/{rel}","templated":true}]}}