{"id":105200,"date":"2022-11-15T10:45:17","date_gmt":"2022-11-15T13:45:17","guid":{"rendered":"http:\/\/pconeargentina.com.ar\/?post_type=product&#038;p=105200"},"modified":"2026-05-14T10:24:01","modified_gmt":"2026-05-14T13:24:01","slug":"tecladomouse-logitech-k220ws","status":"publish","type":"product","link":"https:\/\/pconeargentina.com.ar\/?product=tecladomouse-logitech-k220ws","title":{"rendered":"TECLADO+MOUSE LOGITECH K220WS"},"content":{"rendered":"<p class=\"\" data-start=\"107\" data-end=\"171\"><strong data-start=\"107\" data-end=\"171\">Combo Inal\u00e1mbrico Logitech MK220 \u2013 Teclado y Mouse Compactos<\/strong><\/p>\n<p class=\"\" data-start=\"173\" data-end=\"406\"><span class=\"relative -mx-px my-[-0.2rem] rounded px-px py-[0.2rem] transition-colors duration-100 ease-in-out\">Optimiza tu espacio de trabajo con el Combo Inal\u00e1mbrico Logitech MK220.<\/span> <span class=\"relative -mx-px my-[-0.2rem] rounded px-px py-[0.2rem] transition-colors duration-100 ease-in-out\">Este conjunto incluye un teclado compacto con 105 teclas, teclado num\u00e9rico y 15 teclas de acceso r\u00e1pido, y un mouse ambidiestro con sensor \u00f3ptico de 1000 dpi.<\/span> <span class=\"relative -mx-px my-[-0.2rem] rounded px-px py-[0.2rem] transition-colors duration-100 ease-in-out\">Ambos dispositivos cuentan con conectividad inal\u00e1mbrica de 2.4 GHz, ofreciendo un alcance de hasta 10 metros.<\/span> <span class=\"relative -mx-px my-[-0.2rem] rounded px-px py-[0.2rem] transition-colors duration-100 ease-in-out\">Dise\u00f1ados para sistemas operativos Windows\u00ae Vista, XP, 7, 8 y 10, son ideales para oficinas y hogares que buscan eficiencia y comodidad.<\/span> <span class=\"relative -mx-px my-[-0.2rem] rounded px-px py-[0.2rem] transition-colors duration-100 ease-in-out\">La instalaci\u00f3n es sencilla mediante el receptor USB Plug and Play, sin necesidad de configuraciones adicionales.<\/span>\u200b<span class=\"\" data-state=\"closed\"><span class=\"ms-1 inline-flex max-w-full items-center relative top-[-0.094rem] animate-[show_150ms_ease-in]\"><a class=\"flex h-4.5 overflow-hidden rounded-xl px-2 text-[0.5625em] font-medium text-token-text-secondary! bg-[#F4F4F4]! dark:bg-[#303030]! transition-colors duration-150 ease-in-out\" href=\"https:\/\/www.logitechstore.com.co\/MCO-2457418028-combo-inalambrico-logitech-mk220-teclado-compacto-y-mouse-_JM?searchVariation=183211791005&amp;srsltid=AfmBOopta_LC8D9BUmGpZcvMpNTqhf3nNFI-Hqizw6hQ9-1-E__bh7M1&amp;utm_source=chatgpt.com\" target=\"_blank\" rel=\"noopener\"><span class=\"relative start-0 bottom-0 flex h-full w-full items-center\"><span class=\"flex h-4 w-full items-center justify-between absolute\"><span class=\"max-w-full grow truncate overflow-hidden text-center\">Logitech<\/span><span class=\"-me-1 flex h-full items-center rounded-full px-1 text-[#8F8F8F]\">+7<\/span><\/span><span class=\"flex h-4 w-full items-center justify-between\"><span class=\"max-w-full grow truncate overflow-hidden text-center\">logitechstore.com.co<\/span><span class=\"-me-1 flex h-full items-center rounded-full px-1 text-[#8F8F8F]\">+7<\/span><\/span><span class=\"flex h-4 w-full items-center justify-between absolute\"><span class=\"max-w-full grow truncate overflow-hidden text-center\">fullstoc<\/span><\/span><\/span><\/a><\/span><\/span><\/p>\n","protected":false},"excerpt":{"rendered":"<p>Combo Inal\u00e1mbrico Logitech MK220 \u2013 Teclado y Mouse Compactos Optimiza tu espacio de trabajo con el Combo Inal\u00e1mbrico Logitech MK220. Este conjunto incluye un teclado compacto con 105 teclas, teclado num\u00e9rico y 15 teclas de acceso r\u00e1pido, y un mouse ambidiestro con sensor \u00f3ptico de 1000 dpi. Ambos dispositivos cuentan con conectividad inal\u00e1mbrica de 2.4 GHz, ofreciendo un alcance de hasta 10 metros. Dise\u00f1ados para sistemas operativos Windows\u00ae Vista, XP, 7, 8 y 10, son ideales para oficinas y hogares que buscan eficiencia y comodidad. La instalaci\u00f3n es sencilla mediante el receptor USB Plug and Play, sin necesidad de configuraciones adicionales.\u200bLogitech+7logitechstore.com.co+7fullstoc<\/p>\n","protected":false},"featured_media":113630,"template":"","meta":{"site-sidebar-layout":"default","site-content-layout":"","ast-site-content-layout":"default","site-content-style":"default","site-sidebar-style":"default","ast-global-header-display":"","ast-banner-title-visibility":"","ast-main-header-display":"","ast-hfb-above-header-display":"","ast-hfb-below-header-display":"","ast-hfb-mobile-header-display":"","site-post-title":"","ast-breadcrumbs-content":"","ast-featured-img":"","footer-sml-layout":"","ast-disable-related-posts":"","theme-transparent-header-meta":"default","adv-header-id-meta":"","stick-header-meta":"","header-above-stick-meta":"","header-main-stick-meta":"","header-below-stick-meta":"","astra-migrate-meta-layouts":"set","ast-page-background-enabled":"default","ast-page-background-meta":{"desktop":{"background-color":"var(--ast-global-color-4)","background-image":"","background-repeat":"repeat","background-position":"center center","background-size":"auto","background-attachment":"scroll","background-type":"","background-media":"","overlay-type":"","overlay-color":"","overlay-opacity":"","overlay-gradient":""},"tablet":{"background-color":"","background-image":"","background-repeat":"repeat","background-position":"center center","background-size":"auto","background-attachment":"scroll","background-type":"","background-media":"","overlay-type":"","overlay-color":"","overlay-opacity":"","overlay-gradient":""},"mobile":{"background-color":"","background-image":"","background-repeat":"repeat","background-position":"center center","background-size":"auto","background-attachment":"scroll","background-type":"","background-media":"","overlay-type":"","overlay-color":"","overlay-opacity":"","overlay-gradient":""}},"ast-content-background-meta":{"desktop":{"background-color":"var(--ast-global-color-5)","background-image":"","background-repeat":"repeat","background-position":"center center","background-size":"auto","background-attachment":"scroll","background-type":"","background-media":"","overlay-type":"","overlay-color":"","overlay-opacity":"","overlay-gradient":""},"tablet":{"background-color":"var(--ast-global-color-5)","background-image":"","background-repeat":"repeat","background-position":"center center","background-size":"auto","background-attachment":"scroll","background-type":"","background-media":"","overlay-type":"","overlay-color":"","overlay-opacity":"","overlay-gradient":""},"mobile":{"background-color":"var(--ast-global-color-5)","background-image":"","background-repeat":"repeat","background-position":"center center","background-size":"auto","background-attachment":"scroll","background-type":"","background-media":"","overlay-type":"","overlay-color":"","overlay-opacity":"","overlay-gradient":""}}},"product_brand":[],"product_cat":[337],"product_tag":[],"class_list":{"0":"post-105200","1":"product","2":"type-product","3":"status-publish","4":"has-post-thumbnail","6":"product_cat-varios","7":"desktop-align-left","8":"tablet-align-left","9":"mobile-align-left","11":"first","12":"instock","13":"taxable","14":"shipping-taxable","15":"purchasable","16":"product-type-simple"},"aioseo_notices":[],"_links":{"self":[{"href":"https:\/\/pconeargentina.com.ar\/index.php?rest_route=\/wp\/v2\/product\/105200","targetHints":{"allow":["GET"]}}],"collection":[{"href":"https:\/\/pconeargentina.com.ar\/index.php?rest_route=\/wp\/v2\/product"}],"about":[{"href":"https:\/\/pconeargentina.com.ar\/index.php?rest_route=\/wp\/v2\/types\/product"}],"version-history":[{"count":4,"href":"https:\/\/pconeargentina.com.ar\/index.php?rest_route=\/wp\/v2\/product\/105200\/revisions"}],"predecessor-version":[{"id":123704,"href":"https:\/\/pconeargentina.com.ar\/index.php?rest_route=\/wp\/v2\/product\/105200\/revisions\/123704"}],"wp:featuredmedia":[{"embeddable":true,"href":"https:\/\/pconeargentina.com.ar\/index.php?rest_route=\/wp\/v2\/media\/113630"}],"wp:attachment":[{"href":"https:\/\/pconeargentina.com.ar\/index.php?rest_route=%2Fwp%2Fv2%2Fmedia&parent=105200"}],"wp:term":[{"taxonomy":"product_brand","embeddable":true,"href":"https:\/\/pconeargentina.com.ar\/index.php?rest_route=%2Fwp%2Fv2%2Fproduct_brand&post=105200"},{"taxonomy":"product_cat","embeddable":true,"href":"https:\/\/pconeargentina.com.ar\/index.php?rest_route=%2Fwp%2Fv2%2Fproduct_cat&post=105200"},{"taxonomy":"product_tag","embeddable":true,"href":"https:\/\/pconeargentina.com.ar\/index.php?rest_route=%2Fwp%2Fv2%2Fproduct_tag&post=105200"}],"curies":[{"name":"wp","href":"https:\/\/api.w.org\/{rel}","templated":true}]}}