{"id":109163,"date":"2024-12-03T20:06:23","date_gmt":"2024-12-03T23:06:23","guid":{"rendered":"https:\/\/pconeargentina.com.ar\/?post_type=product&#038;p=109163"},"modified":"2026-05-14T10:22:46","modified_gmt":"2026-05-14T13:22:46","slug":"disco-ssd-256gb-adata-sata","status":"publish","type":"product","link":"https:\/\/pconeargentina.com.ar\/?product=disco-ssd-256gb-adata-sata","title":{"rendered":"DISCO SSD 256GB ADATA SATA"},"content":{"rendered":"<hr class=\"\" data-start=\"55\" data-end=\"58\" \/>\n<p class=\"\" data-start=\"60\" data-end=\"386\"><strong data-start=\"60\" data-end=\"90\">Disco SSD 256GB ADATA SATA<\/strong><br data-start=\"90\" data-end=\"93\" \/>El disco SSD ADATA de 256GB SATA es una excelente opci\u00f3n para mejorar la velocidad de arranque y la carga de aplicaciones en tu PC o laptop. Con una interfaz SATA III, ofrece una transici\u00f3n r\u00e1pida a la tecnolog\u00eda SSD con una capacidad ideal para mejorar el rendimiento sin grandes inversiones.<\/p>\n<p class=\"\" data-start=\"388\" data-end=\"418\"><strong data-start=\"388\" data-end=\"418\">Especificaciones t\u00e9cnicas:<\/strong><\/p>\n<ul data-start=\"419\" data-end=\"670\">\n<li class=\"\" data-start=\"419\" data-end=\"439\">\n<p class=\"\" data-start=\"421\" data-end=\"439\">Capacidad: 256GB<\/p>\n<\/li>\n<li class=\"\" data-start=\"440\" data-end=\"476\">\n<p class=\"\" data-start=\"442\" data-end=\"476\">Tipo de interfaz: SATA III 6Gb\/s<\/p>\n<\/li>\n<li class=\"\" data-start=\"477\" data-end=\"516\">\n<p class=\"\" data-start=\"479\" data-end=\"516\">Velocidad de lectura: hasta 550MB\/s<\/p>\n<\/li>\n<li class=\"\" data-start=\"517\" data-end=\"558\">\n<p class=\"\" data-start=\"519\" data-end=\"558\">Velocidad de escritura: hasta 480MB\/s<\/p>\n<\/li>\n<li class=\"\" data-start=\"559\" data-end=\"584\">\n<p class=\"\" data-start=\"561\" data-end=\"584\">Formato: 2.5 pulgadas<\/p>\n<\/li>\n<li class=\"\" data-start=\"585\" data-end=\"635\">\n<p class=\"\" data-start=\"587\" data-end=\"635\">Resistencia: resistente a golpes y vibraciones<\/p>\n<\/li>\n<li class=\"\" data-start=\"636\" data-end=\"670\">\n<p class=\"\" data-start=\"638\" data-end=\"670\">Tecnolog\u00eda: S.M.A.R.T, TRIM, ECC<\/p>\n<\/li>\n<\/ul>\n","protected":false},"excerpt":{"rendered":"<p>Disco SSD 256GB ADATA SATAEl disco SSD ADATA de 256GB SATA es una excelente opci\u00f3n para mejorar la velocidad de arranque y la carga de aplicaciones en tu PC o laptop. Con una interfaz SATA III, ofrece una transici\u00f3n r\u00e1pida a la tecnolog\u00eda SSD con una capacidad ideal para mejorar el rendimiento sin grandes inversiones. Especificaciones t\u00e9cnicas: Capacidad: 256GB Tipo de interfaz: SATA III 6Gb\/s Velocidad de lectura: hasta 550MB\/s Velocidad de escritura: hasta 480MB\/s Formato: 2.5 pulgadas Resistencia: resistente a golpes y vibraciones Tecnolog\u00eda: S.M.A.R.T, TRIM, ECC<\/p>\n","protected":false},"featured_media":113441,"template":"","meta":{"site-sidebar-layout":"default","site-content-layout":"","ast-site-content-layout":"default","site-content-style":"default","site-sidebar-style":"default","ast-global-header-display":"","ast-banner-title-visibility":"","ast-main-header-display":"","ast-hfb-above-header-display":"","ast-hfb-below-header-display":"","ast-hfb-mobile-header-display":"","site-post-title":"","ast-breadcrumbs-content":"","ast-featured-img":"","footer-sml-layout":"","ast-disable-related-posts":"","theme-transparent-header-meta":"default","adv-header-id-meta":"","stick-header-meta":"","header-above-stick-meta":"","header-main-stick-meta":"","header-below-stick-meta":"","astra-migrate-meta-layouts":"set","ast-page-background-enabled":"default","ast-page-background-meta":{"desktop":{"background-color":"var(--ast-global-color-4)","background-image":"","background-repeat":"repeat","background-position":"center center","background-size":"auto","background-attachment":"scroll","background-type":"","background-media":"","overlay-type":"","overlay-color":"","overlay-opacity":"","overlay-gradient":""},"tablet":{"background-color":"","background-image":"","background-repeat":"repeat","background-position":"center center","background-size":"auto","background-attachment":"scroll","background-type":"","background-media":"","overlay-type":"","overlay-color":"","overlay-opacity":"","overlay-gradient":""},"mobile":{"background-color":"","background-image":"","background-repeat":"repeat","background-position":"center center","background-size":"auto","background-attachment":"scroll","background-type":"","background-media":"","overlay-type":"","overlay-color":"","overlay-opacity":"","overlay-gradient":""}},"ast-content-background-meta":{"desktop":{"background-color":"var(--ast-global-color-5)","background-image":"","background-repeat":"repeat","background-position":"center center","background-size":"auto","background-attachment":"scroll","background-type":"","background-media":"","overlay-type":"","overlay-color":"","overlay-opacity":"","overlay-gradient":""},"tablet":{"background-color":"var(--ast-global-color-5)","background-image":"","background-repeat":"repeat","background-position":"center center","background-size":"auto","background-attachment":"scroll","background-type":"","background-media":"","overlay-type":"","overlay-color":"","overlay-opacity":"","overlay-gradient":""},"mobile":{"background-color":"var(--ast-global-color-5)","background-image":"","background-repeat":"repeat","background-position":"center center","background-size":"auto","background-attachment":"scroll","background-type":"","background-media":"","overlay-type":"","overlay-color":"","overlay-opacity":"","overlay-gradient":""}}},"product_brand":[],"product_cat":[235,273],"product_tag":[],"class_list":{"0":"post-109163","1":"product","2":"type-product","3":"status-publish","4":"has-post-thumbnail","6":"product_cat-componentes","7":"product_cat-discos-ssd","8":"desktop-align-left","9":"tablet-align-left","10":"mobile-align-left","12":"first","13":"instock","14":"taxable","15":"shipping-taxable","16":"purchasable","17":"product-type-simple"},"aioseo_notices":[],"_links":{"self":[{"href":"https:\/\/pconeargentina.com.ar\/index.php?rest_route=\/wp\/v2\/product\/109163","targetHints":{"allow":["GET"]}}],"collection":[{"href":"https:\/\/pconeargentina.com.ar\/index.php?rest_route=\/wp\/v2\/product"}],"about":[{"href":"https:\/\/pconeargentina.com.ar\/index.php?rest_route=\/wp\/v2\/types\/product"}],"version-history":[{"count":5,"href":"https:\/\/pconeargentina.com.ar\/index.php?rest_route=\/wp\/v2\/product\/109163\/revisions"}],"predecessor-version":[{"id":122978,"href":"https:\/\/pconeargentina.com.ar\/index.php?rest_route=\/wp\/v2\/product\/109163\/revisions\/122978"}],"wp:featuredmedia":[{"embeddable":true,"href":"https:\/\/pconeargentina.com.ar\/index.php?rest_route=\/wp\/v2\/media\/113441"}],"wp:attachment":[{"href":"https:\/\/pconeargentina.com.ar\/index.php?rest_route=%2Fwp%2Fv2%2Fmedia&parent=109163"}],"wp:term":[{"taxonomy":"product_brand","embeddable":true,"href":"https:\/\/pconeargentina.com.ar\/index.php?rest_route=%2Fwp%2Fv2%2Fproduct_brand&post=109163"},{"taxonomy":"product_cat","embeddable":true,"href":"https:\/\/pconeargentina.com.ar\/index.php?rest_route=%2Fwp%2Fv2%2Fproduct_cat&post=109163"},{"taxonomy":"product_tag","embeddable":true,"href":"https:\/\/pconeargentina.com.ar\/index.php?rest_route=%2Fwp%2Fv2%2Fproduct_tag&post=109163"}],"curies":[{"name":"wp","href":"https:\/\/api.w.org\/{rel}","templated":true}]}}