{"id":109797,"date":"2024-12-03T20:09:08","date_gmt":"2024-12-03T23:09:08","guid":{"rendered":"https:\/\/pconeargentina.com.ar\/?post_type=product&#038;p=109797"},"modified":"2026-04-20T13:57:32","modified_gmt":"2026-04-20T16:57:32","slug":"parlante-noga-410-8-bt-fm","status":"publish","type":"product","link":"https:\/\/pconeargentina.com.ar\/?product=parlante-noga-410-8-bt-fm","title":{"rendered":"ADAPT BT TP LINK UB500 5.0"},"content":{"rendered":"<p>luetooth 5.0: velocidades m\u00e1s r\u00e1pidas, mayor cobertura<\/p>\n<p>Reproducir m\u00fasica desde el otro lado de la habitaci\u00f3n<br \/>\nGracias a las mejoras a Bluetooth, UB500 tiene un mayor rango de transmisi\u00f3n entre dispositivos como su reproductor de m\u00fasica y su PC. Con una mayor distancia de transmisi\u00f3n, disfrute de audio sin p\u00e9rdidas a trav\u00e9s de sus auriculares Bluetooth sin tener que desplazarse con su ordenador. Ahora, no hay necesidad de preocuparse de que la distancia afecte la escucha de m\u00fasica.<\/p>\n","protected":false},"excerpt":{"rendered":"<p>luetooth 5.0: velocidades m\u00e1s r\u00e1pidas, mayor cobertura Reproducir m\u00fasica desde el otro lado de la habitaci\u00f3n Gracias a las mejoras a Bluetooth, UB500 tiene un mayor rango de transmisi\u00f3n entre dispositivos como su reproductor de m\u00fasica y su PC. Con una mayor distancia de transmisi\u00f3n, disfrute de audio sin p\u00e9rdidas a trav\u00e9s de sus auriculares Bluetooth sin tener que desplazarse con su ordenador. Ahora, no hay necesidad de preocuparse de que la distancia afecte la escucha de m\u00fasica.<\/p>\n","protected":false},"featured_media":113120,"template":"","meta":{"site-sidebar-layout":"default","site-content-layout":"","ast-site-content-layout":"default","site-content-style":"default","site-sidebar-style":"default","ast-global-header-display":"","ast-banner-title-visibility":"","ast-main-header-display":"","ast-hfb-above-header-display":"","ast-hfb-below-header-display":"","ast-hfb-mobile-header-display":"","site-post-title":"","ast-breadcrumbs-content":"","ast-featured-img":"","footer-sml-layout":"","ast-disable-related-posts":"","theme-transparent-header-meta":"default","adv-header-id-meta":"","stick-header-meta":"","header-above-stick-meta":"","header-main-stick-meta":"","header-below-stick-meta":"","astra-migrate-meta-layouts":"set","ast-page-background-enabled":"default","ast-page-background-meta":{"desktop":{"background-color":"var(--ast-global-color-4)","background-image":"","background-repeat":"repeat","background-position":"center center","background-size":"auto","background-attachment":"scroll","background-type":"","background-media":"","overlay-type":"","overlay-color":"","overlay-opacity":"","overlay-gradient":""},"tablet":{"background-color":"","background-image":"","background-repeat":"repeat","background-position":"center center","background-size":"auto","background-attachment":"scroll","background-type":"","background-media":"","overlay-type":"","overlay-color":"","overlay-opacity":"","overlay-gradient":""},"mobile":{"background-color":"","background-image":"","background-repeat":"repeat","background-position":"center center","background-size":"auto","background-attachment":"scroll","background-type":"","background-media":"","overlay-type":"","overlay-color":"","overlay-opacity":"","overlay-gradient":""}},"ast-content-background-meta":{"desktop":{"background-color":"var(--ast-global-color-5)","background-image":"","background-repeat":"repeat","background-position":"center center","background-size":"auto","background-attachment":"scroll","background-type":"","background-media":"","overlay-type":"","overlay-color":"","overlay-opacity":"","overlay-gradient":""},"tablet":{"background-color":"var(--ast-global-color-5)","background-image":"","background-repeat":"repeat","background-position":"center center","background-size":"auto","background-attachment":"scroll","background-type":"","background-media":"","overlay-type":"","overlay-color":"","overlay-opacity":"","overlay-gradient":""},"mobile":{"background-color":"var(--ast-global-color-5)","background-image":"","background-repeat":"repeat","background-position":"center center","background-size":"auto","background-attachment":"scroll","background-type":"","background-media":"","overlay-type":"","overlay-color":"","overlay-opacity":"","overlay-gradient":""}}},"product_brand":[],"product_cat":[337],"product_tag":[],"class_list":{"0":"post-109797","1":"product","2":"type-product","3":"status-publish","4":"has-post-thumbnail","6":"product_cat-varios","7":"desktop-align-left","8":"tablet-align-left","9":"mobile-align-left","11":"first","12":"instock","13":"taxable","14":"shipping-taxable","15":"purchasable","16":"product-type-simple"},"aioseo_notices":[],"_links":{"self":[{"href":"https:\/\/pconeargentina.com.ar\/index.php?rest_route=\/wp\/v2\/product\/109797","targetHints":{"allow":["GET"]}}],"collection":[{"href":"https:\/\/pconeargentina.com.ar\/index.php?rest_route=\/wp\/v2\/product"}],"about":[{"href":"https:\/\/pconeargentina.com.ar\/index.php?rest_route=\/wp\/v2\/types\/product"}],"version-history":[{"count":6,"href":"https:\/\/pconeargentina.com.ar\/index.php?rest_route=\/wp\/v2\/product\/109797\/revisions"}],"predecessor-version":[{"id":123823,"href":"https:\/\/pconeargentina.com.ar\/index.php?rest_route=\/wp\/v2\/product\/109797\/revisions\/123823"}],"wp:featuredmedia":[{"embeddable":true,"href":"https:\/\/pconeargentina.com.ar\/index.php?rest_route=\/wp\/v2\/media\/113120"}],"wp:attachment":[{"href":"https:\/\/pconeargentina.com.ar\/index.php?rest_route=%2Fwp%2Fv2%2Fmedia&parent=109797"}],"wp:term":[{"taxonomy":"product_brand","embeddable":true,"href":"https:\/\/pconeargentina.com.ar\/index.php?rest_route=%2Fwp%2Fv2%2Fproduct_brand&post=109797"},{"taxonomy":"product_cat","embeddable":true,"href":"https:\/\/pconeargentina.com.ar\/index.php?rest_route=%2Fwp%2Fv2%2Fproduct_cat&post=109797"},{"taxonomy":"product_tag","embeddable":true,"href":"https:\/\/pconeargentina.com.ar\/index.php?rest_route=%2Fwp%2Fv2%2Fproduct_tag&post=109797"}],"curies":[{"name":"wp","href":"https:\/\/api.w.org\/{rel}","templated":true}]}}