{"id":110323,"date":"2024-12-03T20:11:34","date_gmt":"2024-12-03T23:11:34","guid":{"rendered":"https:\/\/pconeargentina.com.ar\/?post_type=product&#038;p=110323"},"modified":"2026-04-20T13:58:25","modified_gmt":"2026-04-20T16:58:25","slug":"tablet-silverstone-st-800","status":"publish","type":"product","link":"https:\/\/pconeargentina.com.ar\/?product=tablet-silverstone-st-800","title":{"rendered":"PIZARRA MAGICA 10&#8243; WRITING"},"content":{"rendered":"<div>Pantalla de escritura LCD de 10\u00a0pulgadas, sensible a la presi\u00f3n, duradera y ultraligera. Dise\u00f1o ligero y port\u00e1til. Variedad de colores.<\/div>\n<div>Es ideal para todas las edades!<\/div>\n<div>Escribiendo en la tableta LCD eliminas la necesidad de papel, y notas adhesivas, simplemente escribes o dibujas y borras.<\/div>\n<div>La resistente pantalla LCD ultra ligera est\u00e1 dise\u00f1ada brindar la sensaci\u00f3n de escribir con bol\u00edgrafo en papel.<\/div>\n<div>La imagen se puede borrar con el toque de un bot\u00f3n.<\/div>\n<div>Crear una y otra vez, sin la necesidad de cargar o conectar.<\/div>\n<div><\/div>\n<div>&#8211; Escritura sensible a presi\u00f3n<\/div>\n<div>&#8211; Bot\u00f3n de borrado<\/div>\n<div>&#8211; Producto resistente<\/div>\n<div>&#8211; Eco Amigable &#8211; No mas papel!<\/div>\n<div>&#8211; Funciona con pila (Incluida)<\/div>\n<div>&#8211; Viene con su l\u00e1piz<\/div>\n<div>&#8211; Incluye Pila CR2025<\/div>\n","protected":false},"excerpt":{"rendered":"<p>Pantalla de escritura LCD de 10\u00a0pulgadas, sensible a la presi\u00f3n, duradera y ultraligera. Dise\u00f1o ligero y port\u00e1til. Variedad de colores. Es ideal para todas las edades! Escribiendo en la tableta LCD eliminas la necesidad de papel, y notas adhesivas, simplemente escribes o dibujas y borras. La resistente pantalla LCD ultra ligera est\u00e1 dise\u00f1ada brindar la sensaci\u00f3n de escribir con bol\u00edgrafo en papel. La imagen se puede borrar con el toque de un bot\u00f3n. Crear una y otra vez, sin la necesidad de cargar o conectar. &#8211; Escritura sensible a presi\u00f3n &#8211; Bot\u00f3n de borrado &#8211; Producto resistente &#8211; Eco Amigable &#8211; No mas papel! &#8211; Funciona con pila (Incluida) &#8211; Viene con su l\u00e1piz &#8211; Incluye Pila CR2025<\/p>\n","protected":false},"featured_media":113042,"template":"","meta":{"site-sidebar-layout":"default","site-content-layout":"","ast-site-content-layout":"default","site-content-style":"default","site-sidebar-style":"default","ast-global-header-display":"","ast-banner-title-visibility":"","ast-main-header-display":"","ast-hfb-above-header-display":"","ast-hfb-below-header-display":"","ast-hfb-mobile-header-display":"","site-post-title":"","ast-breadcrumbs-content":"","ast-featured-img":"","footer-sml-layout":"","ast-disable-related-posts":"","theme-transparent-header-meta":"default","adv-header-id-meta":"","stick-header-meta":"","header-above-stick-meta":"","header-main-stick-meta":"","header-below-stick-meta":"","astra-migrate-meta-layouts":"set","ast-page-background-enabled":"default","ast-page-background-meta":{"desktop":{"background-color":"var(--ast-global-color-4)","background-image":"","background-repeat":"repeat","background-position":"center center","background-size":"auto","background-attachment":"scroll","background-type":"","background-media":"","overlay-type":"","overlay-color":"","overlay-opacity":"","overlay-gradient":""},"tablet":{"background-color":"","background-image":"","background-repeat":"repeat","background-position":"center center","background-size":"auto","background-attachment":"scroll","background-type":"","background-media":"","overlay-type":"","overlay-color":"","overlay-opacity":"","overlay-gradient":""},"mobile":{"background-color":"","background-image":"","background-repeat":"repeat","background-position":"center center","background-size":"auto","background-attachment":"scroll","background-type":"","background-media":"","overlay-type":"","overlay-color":"","overlay-opacity":"","overlay-gradient":""}},"ast-content-background-meta":{"desktop":{"background-color":"var(--ast-global-color-5)","background-image":"","background-repeat":"repeat","background-position":"center center","background-size":"auto","background-attachment":"scroll","background-type":"","background-media":"","overlay-type":"","overlay-color":"","overlay-opacity":"","overlay-gradient":""},"tablet":{"background-color":"var(--ast-global-color-5)","background-image":"","background-repeat":"repeat","background-position":"center center","background-size":"auto","background-attachment":"scroll","background-type":"","background-media":"","overlay-type":"","overlay-color":"","overlay-opacity":"","overlay-gradient":""},"mobile":{"background-color":"var(--ast-global-color-5)","background-image":"","background-repeat":"repeat","background-position":"center center","background-size":"auto","background-attachment":"scroll","background-type":"","background-media":"","overlay-type":"","overlay-color":"","overlay-opacity":"","overlay-gradient":""}}},"product_brand":[],"product_cat":[337],"product_tag":[],"class_list":{"0":"post-110323","1":"product","2":"type-product","3":"status-publish","4":"has-post-thumbnail","6":"product_cat-varios","7":"desktop-align-left","8":"tablet-align-left","9":"mobile-align-left","11":"first","12":"instock","13":"taxable","14":"shipping-taxable","15":"purchasable","16":"product-type-simple"},"aioseo_notices":[],"_links":{"self":[{"href":"https:\/\/pconeargentina.com.ar\/index.php?rest_route=\/wp\/v2\/product\/110323","targetHints":{"allow":["GET"]}}],"collection":[{"href":"https:\/\/pconeargentina.com.ar\/index.php?rest_route=\/wp\/v2\/product"}],"about":[{"href":"https:\/\/pconeargentina.com.ar\/index.php?rest_route=\/wp\/v2\/types\/product"}],"version-history":[{"count":6,"href":"https:\/\/pconeargentina.com.ar\/index.php?rest_route=\/wp\/v2\/product\/110323\/revisions"}],"predecessor-version":[{"id":124360,"href":"https:\/\/pconeargentina.com.ar\/index.php?rest_route=\/wp\/v2\/product\/110323\/revisions\/124360"}],"wp:featuredmedia":[{"embeddable":true,"href":"https:\/\/pconeargentina.com.ar\/index.php?rest_route=\/wp\/v2\/media\/113042"}],"wp:attachment":[{"href":"https:\/\/pconeargentina.com.ar\/index.php?rest_route=%2Fwp%2Fv2%2Fmedia&parent=110323"}],"wp:term":[{"taxonomy":"product_brand","embeddable":true,"href":"https:\/\/pconeargentina.com.ar\/index.php?rest_route=%2Fwp%2Fv2%2Fproduct_brand&post=110323"},{"taxonomy":"product_cat","embeddable":true,"href":"https:\/\/pconeargentina.com.ar\/index.php?rest_route=%2Fwp%2Fv2%2Fproduct_cat&post=110323"},{"taxonomy":"product_tag","embeddable":true,"href":"https:\/\/pconeargentina.com.ar\/index.php?rest_route=%2Fwp%2Fv2%2Fproduct_tag&post=110323"}],"curies":[{"name":"wp","href":"https:\/\/api.w.org\/{rel}","templated":true}]}}