{"id":110324,"date":"2024-12-03T20:11:34","date_gmt":"2024-12-03T23:11:34","guid":{"rendered":"https:\/\/pconeargentina.com.ar\/?post_type=product&#038;p=110324"},"modified":"2026-04-17T10:38:49","modified_gmt":"2026-04-17T13:38:49","slug":"tablet-viewsonic-7-aw7m","status":"publish","type":"product","link":"https:\/\/pconeargentina.com.ar\/?product=tablet-viewsonic-7-aw7m","title":{"rendered":"PIZARRA MAGICA  8.5&#8243; WRITING"},"content":{"rendered":"<p>El Tablero M\u00e1gico Tablero De Notas Lcd Dibujo Y Escritura Color Rojo es el accesorio perfecto para estimular la creatividad y la imaginaci\u00f3n de los m\u00e1s peque\u00f1os. Con su l\u00e1piz incluido, podr\u00e1n dibujar y escribir de manera divertida y sin desperdiciar papel. Fabricado en pl\u00e1stico resistente, este tablero es ideal para ni\u00f1os a partir de los 2 a\u00f1os. Su modelo de 8.5 pulgadas ofrece un amplio espacio para que los ni\u00f1os puedan plasmar sus ideas y expresarse libremente. Adem\u00e1s, su color rojo le da un toque vibrante y llamativo. \u00a1No te pierdas la oportunidad de regalarles a tus hijos una herramienta que fomentar\u00e1 su creatividad y les brindar\u00e1 horas de diversi\u00f3n!<\/p>\n<p>Aviso legal<br \/>\n\u2022 Edad m\u00ednima recomendada: 2 a\u00f1os.<\/p>\n","protected":false},"excerpt":{"rendered":"<p>El Tablero M\u00e1gico Tablero De Notas Lcd Dibujo Y Escritura Color Rojo es el accesorio perfecto para estimular la creatividad y la imaginaci\u00f3n de los m\u00e1s peque\u00f1os. Con su l\u00e1piz incluido, podr\u00e1n dibujar y escribir de manera divertida y sin desperdiciar papel. Fabricado en pl\u00e1stico resistente, este tablero es ideal para ni\u00f1os a partir de los 2 a\u00f1os. Su modelo de 8.5 pulgadas ofrece un amplio espacio para que los ni\u00f1os puedan plasmar sus ideas y expresarse libremente. Adem\u00e1s, su color rojo le da un toque vibrante y llamativo. \u00a1No te pierdas la oportunidad de regalarles a tus hijos una herramienta que fomentar\u00e1 su creatividad y les brindar\u00e1 horas de diversi\u00f3n! Aviso legal \u2022 Edad m\u00ednima recomendada: 2 a\u00f1os.<\/p>\n","protected":false},"featured_media":113048,"template":"","meta":{"site-sidebar-layout":"default","site-content-layout":"","ast-site-content-layout":"default","site-content-style":"default","site-sidebar-style":"default","ast-global-header-display":"","ast-banner-title-visibility":"","ast-main-header-display":"","ast-hfb-above-header-display":"","ast-hfb-below-header-display":"","ast-hfb-mobile-header-display":"","site-post-title":"","ast-breadcrumbs-content":"","ast-featured-img":"","footer-sml-layout":"","ast-disable-related-posts":"","theme-transparent-header-meta":"default","adv-header-id-meta":"","stick-header-meta":"","header-above-stick-meta":"","header-main-stick-meta":"","header-below-stick-meta":"","astra-migrate-meta-layouts":"set","ast-page-background-enabled":"default","ast-page-background-meta":{"desktop":{"background-color":"var(--ast-global-color-4)","background-image":"","background-repeat":"repeat","background-position":"center center","background-size":"auto","background-attachment":"scroll","background-type":"","background-media":"","overlay-type":"","overlay-color":"","overlay-opacity":"","overlay-gradient":""},"tablet":{"background-color":"","background-image":"","background-repeat":"repeat","background-position":"center center","background-size":"auto","background-attachment":"scroll","background-type":"","background-media":"","overlay-type":"","overlay-color":"","overlay-opacity":"","overlay-gradient":""},"mobile":{"background-color":"","background-image":"","background-repeat":"repeat","background-position":"center center","background-size":"auto","background-attachment":"scroll","background-type":"","background-media":"","overlay-type":"","overlay-color":"","overlay-opacity":"","overlay-gradient":""}},"ast-content-background-meta":{"desktop":{"background-color":"var(--ast-global-color-5)","background-image":"","background-repeat":"repeat","background-position":"center center","background-size":"auto","background-attachment":"scroll","background-type":"","background-media":"","overlay-type":"","overlay-color":"","overlay-opacity":"","overlay-gradient":""},"tablet":{"background-color":"var(--ast-global-color-5)","background-image":"","background-repeat":"repeat","background-position":"center center","background-size":"auto","background-attachment":"scroll","background-type":"","background-media":"","overlay-type":"","overlay-color":"","overlay-opacity":"","overlay-gradient":""},"mobile":{"background-color":"var(--ast-global-color-5)","background-image":"","background-repeat":"repeat","background-position":"center center","background-size":"auto","background-attachment":"scroll","background-type":"","background-media":"","overlay-type":"","overlay-color":"","overlay-opacity":"","overlay-gradient":""}}},"product_brand":[],"product_cat":[337],"product_tag":[],"class_list":{"0":"post-110324","1":"product","2":"type-product","3":"status-publish","4":"has-post-thumbnail","6":"product_cat-varios","7":"desktop-align-left","8":"tablet-align-left","9":"mobile-align-left","11":"first","12":"instock","13":"taxable","14":"shipping-taxable","15":"purchasable","16":"product-type-simple"},"aioseo_notices":[],"_links":{"self":[{"href":"https:\/\/pconeargentina.com.ar\/index.php?rest_route=\/wp\/v2\/product\/110324","targetHints":{"allow":["GET"]}}],"collection":[{"href":"https:\/\/pconeargentina.com.ar\/index.php?rest_route=\/wp\/v2\/product"}],"about":[{"href":"https:\/\/pconeargentina.com.ar\/index.php?rest_route=\/wp\/v2\/types\/product"}],"version-history":[{"count":6,"href":"https:\/\/pconeargentina.com.ar\/index.php?rest_route=\/wp\/v2\/product\/110324\/revisions"}],"predecessor-version":[{"id":124361,"href":"https:\/\/pconeargentina.com.ar\/index.php?rest_route=\/wp\/v2\/product\/110324\/revisions\/124361"}],"wp:featuredmedia":[{"embeddable":true,"href":"https:\/\/pconeargentina.com.ar\/index.php?rest_route=\/wp\/v2\/media\/113048"}],"wp:attachment":[{"href":"https:\/\/pconeargentina.com.ar\/index.php?rest_route=%2Fwp%2Fv2%2Fmedia&parent=110324"}],"wp:term":[{"taxonomy":"product_brand","embeddable":true,"href":"https:\/\/pconeargentina.com.ar\/index.php?rest_route=%2Fwp%2Fv2%2Fproduct_brand&post=110324"},{"taxonomy":"product_cat","embeddable":true,"href":"https:\/\/pconeargentina.com.ar\/index.php?rest_route=%2Fwp%2Fv2%2Fproduct_cat&post=110324"},{"taxonomy":"product_tag","embeddable":true,"href":"https:\/\/pconeargentina.com.ar\/index.php?rest_route=%2Fwp%2Fv2%2Fproduct_tag&post=110324"}],"curies":[{"name":"wp","href":"https:\/\/api.w.org\/{rel}","templated":true}]}}