{"id":112576,"date":"2025-02-11T17:19:36","date_gmt":"2025-02-11T20:19:36","guid":{"rendered":"https:\/\/pconeargentina.com.ar\/?post_type=product&#038;p=112576"},"modified":"2026-04-14T12:27:40","modified_gmt":"2026-04-14T15:27:40","slug":"import-placeholder-for-10104","status":"publish","type":"product","link":"https:\/\/pconeargentina.com.ar\/?product=import-placeholder-for-10104","title":{"rendered":"ADAPT RED TIPO C TPLINK UE300c"},"content":{"rendered":"<p><strong data-start=\"216\" data-end=\"256\">Adaptador RED a Tipo C TP-Link UC300<\/strong><br data-start=\"256\" data-end=\"259\" \/>Conecta dispositivos USB-C a redes Ethernet con alta velocidad y estabilidad. El TP-Link UC300 permite una transmisi\u00f3n de datos fluida a trav\u00e9s de su puerto RJ45 Gigabit, ideal para laptops, tablets y smartphones sin puerto de red. Plug and play, sin necesidad de drivers en sistemas compatibles. Su dise\u00f1o compacto y construcci\u00f3n de calidad lo hacen perfecto para uso profesional y dom\u00e9stico.<\/p>\n","protected":false},"excerpt":{"rendered":"<p>Adaptador RED a Tipo C TP-Link UC300Conecta dispositivos USB-C a redes Ethernet con alta velocidad y estabilidad. El TP-Link UC300 permite una transmisi\u00f3n de datos fluida a trav\u00e9s de su puerto RJ45 Gigabit, ideal para laptops, tablets y smartphones sin puerto de red. Plug and play, sin necesidad de drivers en sistemas compatibles. Su dise\u00f1o compacto y construcci\u00f3n de calidad lo hacen perfecto para uso profesional y dom\u00e9stico.<\/p>\n","protected":false},"featured_media":113397,"template":"","meta":{"site-sidebar-layout":"default","site-content-layout":"","ast-site-content-layout":"default","site-content-style":"default","site-sidebar-style":"default","ast-global-header-display":"","ast-banner-title-visibility":"","ast-main-header-display":"","ast-hfb-above-header-display":"","ast-hfb-below-header-display":"","ast-hfb-mobile-header-display":"","site-post-title":"","ast-breadcrumbs-content":"","ast-featured-img":"","footer-sml-layout":"","ast-disable-related-posts":"","theme-transparent-header-meta":"default","adv-header-id-meta":"","stick-header-meta":"","header-above-stick-meta":"","header-main-stick-meta":"","header-below-stick-meta":"","astra-migrate-meta-layouts":"set","ast-page-background-enabled":"default","ast-page-background-meta":{"desktop":{"background-color":"var(--ast-global-color-4)","background-image":"","background-repeat":"repeat","background-position":"center center","background-size":"auto","background-attachment":"scroll","background-type":"","background-media":"","overlay-type":"","overlay-color":"","overlay-opacity":"","overlay-gradient":""},"tablet":{"background-color":"","background-image":"","background-repeat":"repeat","background-position":"center center","background-size":"auto","background-attachment":"scroll","background-type":"","background-media":"","overlay-type":"","overlay-color":"","overlay-opacity":"","overlay-gradient":""},"mobile":{"background-color":"","background-image":"","background-repeat":"repeat","background-position":"center center","background-size":"auto","background-attachment":"scroll","background-type":"","background-media":"","overlay-type":"","overlay-color":"","overlay-opacity":"","overlay-gradient":""}},"ast-content-background-meta":{"desktop":{"background-color":"var(--ast-global-color-5)","background-image":"","background-repeat":"repeat","background-position":"center center","background-size":"auto","background-attachment":"scroll","background-type":"","background-media":"","overlay-type":"","overlay-color":"","overlay-opacity":"","overlay-gradient":""},"tablet":{"background-color":"var(--ast-global-color-5)","background-image":"","background-repeat":"repeat","background-position":"center center","background-size":"auto","background-attachment":"scroll","background-type":"","background-media":"","overlay-type":"","overlay-color":"","overlay-opacity":"","overlay-gradient":""},"mobile":{"background-color":"var(--ast-global-color-5)","background-image":"","background-repeat":"repeat","background-position":"center center","background-size":"auto","background-attachment":"scroll","background-type":"","background-media":"","overlay-type":"","overlay-color":"","overlay-opacity":"","overlay-gradient":""}}},"product_brand":[],"product_cat":[349,232],"product_tag":[],"class_list":{"0":"post-112576","1":"product","2":"type-product","3":"status-publish","4":"has-post-thumbnail","6":"product_cat-conectividad","7":"product_cat-redes","8":"desktop-align-left","9":"tablet-align-left","10":"mobile-align-left","12":"first","13":"instock","14":"taxable","15":"shipping-taxable","16":"purchasable","17":"product-type-simple"},"aioseo_notices":[],"_links":{"self":[{"href":"https:\/\/pconeargentina.com.ar\/index.php?rest_route=\/wp\/v2\/product\/112576","targetHints":{"allow":["GET"]}}],"collection":[{"href":"https:\/\/pconeargentina.com.ar\/index.php?rest_route=\/wp\/v2\/product"}],"about":[{"href":"https:\/\/pconeargentina.com.ar\/index.php?rest_route=\/wp\/v2\/types\/product"}],"version-history":[{"count":8,"href":"https:\/\/pconeargentina.com.ar\/index.php?rest_route=\/wp\/v2\/product\/112576\/revisions"}],"predecessor-version":[{"id":122598,"href":"https:\/\/pconeargentina.com.ar\/index.php?rest_route=\/wp\/v2\/product\/112576\/revisions\/122598"}],"wp:featuredmedia":[{"embeddable":true,"href":"https:\/\/pconeargentina.com.ar\/index.php?rest_route=\/wp\/v2\/media\/113397"}],"wp:attachment":[{"href":"https:\/\/pconeargentina.com.ar\/index.php?rest_route=%2Fwp%2Fv2%2Fmedia&parent=112576"}],"wp:term":[{"taxonomy":"product_brand","embeddable":true,"href":"https:\/\/pconeargentina.com.ar\/index.php?rest_route=%2Fwp%2Fv2%2Fproduct_brand&post=112576"},{"taxonomy":"product_cat","embeddable":true,"href":"https:\/\/pconeargentina.com.ar\/index.php?rest_route=%2Fwp%2Fv2%2Fproduct_cat&post=112576"},{"taxonomy":"product_tag","embeddable":true,"href":"https:\/\/pconeargentina.com.ar\/index.php?rest_route=%2Fwp%2Fv2%2Fproduct_tag&post=112576"}],"curies":[{"name":"wp","href":"https:\/\/api.w.org\/{rel}","templated":true}]}}