{"id":14107,"date":"2022-01-12T12:06:37","date_gmt":"2022-01-12T15:06:37","guid":{"rendered":"http:\/\/pconeargentina.com.ar\/?post_type=product&#038;p=14107"},"modified":"2026-05-14T10:22:54","modified_gmt":"2026-05-14T13:22:54","slug":"placa-wifi-usb-tplink-wn8200nd","status":"publish","type":"product","link":"https:\/\/pconeargentina.com.ar\/?product=placa-wifi-usb-tplink-wn8200nd","title":{"rendered":"PLACA WIFI USB TPLINK WN8200ND"},"content":{"rendered":"<p class=\"\" data-start=\"102\" data-end=\"491\">Conect\u00e1 tu PC o notebook a redes inal\u00e1mbricas de alta potencia con la <strong data-start=\"172\" data-end=\"208\">placa Wi-Fi USB TP-Link WN8200ND<\/strong>, una soluci\u00f3n confiable y de largo alcance para mejorar tu conectividad. Gracias a su potencia de transmisi\u00f3n de 300 Mbps y sus antenas desmontables de alta ganancia, esta placa garantiza una se\u00f1al estable incluso en entornos con muchas interferencias o a gran distancia del router.<\/p>\n<p class=\"\" data-start=\"493\" data-end=\"800\">El adaptador USB de TP-Link es ideal para usuarios que necesitan una conexi\u00f3n estable para navegar, ver contenido en streaming, jugar online o trabajar desde casa. Adem\u00e1s, su dise\u00f1o compacto y su f\u00e1cil instalaci\u00f3n plug-and-play lo hacen una excelente opci\u00f3n tanto para equipos de escritorio como port\u00e1tiles.<\/p>\n<p class=\"\" data-start=\"802\" data-end=\"966\">Disfrut\u00e1 de una conexi\u00f3n inal\u00e1mbrica r\u00e1pida, potente y sin cortes con la <strong data-start=\"875\" data-end=\"895\">TP-Link WN8200ND<\/strong>, una de las mejores opciones en adaptadores Wi-Fi de alto rendimiento.<\/p>\n","protected":false},"excerpt":{"rendered":"<p>Conect\u00e1 tu PC o notebook a redes inal\u00e1mbricas de alta potencia con la placa Wi-Fi USB TP-Link WN8200ND, una soluci\u00f3n confiable y de largo alcance para mejorar tu conectividad. Gracias a su potencia de transmisi\u00f3n de 300 Mbps y sus antenas desmontables de alta ganancia, esta placa garantiza una se\u00f1al estable incluso en entornos con muchas interferencias o a gran distancia del router. El adaptador USB de TP-Link es ideal para usuarios que necesitan una conexi\u00f3n estable para navegar, ver contenido en streaming, jugar online o trabajar desde casa. Adem\u00e1s, su dise\u00f1o compacto y su f\u00e1cil instalaci\u00f3n plug-and-play lo hacen una excelente opci\u00f3n tanto para equipos de escritorio como port\u00e1tiles. Disfrut\u00e1 de una conexi\u00f3n inal\u00e1mbrica r\u00e1pida, potente y sin cortes con la TP-Link WN8200ND, una de las mejores opciones en adaptadores Wi-Fi de alto rendimiento.<\/p>\n","protected":false},"featured_media":113722,"template":"","meta":{"site-sidebar-layout":"default","site-content-layout":"","ast-site-content-layout":"default","site-content-style":"default","site-sidebar-style":"default","ast-global-header-display":"","ast-banner-title-visibility":"","ast-main-header-display":"","ast-hfb-above-header-display":"","ast-hfb-below-header-display":"","ast-hfb-mobile-header-display":"","site-post-title":"","ast-breadcrumbs-content":"","ast-featured-img":"","footer-sml-layout":"","ast-disable-related-posts":"","theme-transparent-header-meta":"default","adv-header-id-meta":"","stick-header-meta":"","header-above-stick-meta":"","header-main-stick-meta":"","header-below-stick-meta":"","astra-migrate-meta-layouts":"set","ast-page-background-enabled":"default","ast-page-background-meta":{"desktop":{"background-color":"var(--ast-global-color-4)","background-image":"","background-repeat":"repeat","background-position":"center center","background-size":"auto","background-attachment":"scroll","background-type":"","background-media":"","overlay-type":"","overlay-color":"","overlay-opacity":"","overlay-gradient":""},"tablet":{"background-color":"","background-image":"","background-repeat":"repeat","background-position":"center center","background-size":"auto","background-attachment":"scroll","background-type":"","background-media":"","overlay-type":"","overlay-color":"","overlay-opacity":"","overlay-gradient":""},"mobile":{"background-color":"","background-image":"","background-repeat":"repeat","background-position":"center center","background-size":"auto","background-attachment":"scroll","background-type":"","background-media":"","overlay-type":"","overlay-color":"","overlay-opacity":"","overlay-gradient":""}},"ast-content-background-meta":{"desktop":{"background-color":"var(--ast-global-color-5)","background-image":"","background-repeat":"repeat","background-position":"center center","background-size":"auto","background-attachment":"scroll","background-type":"","background-media":"","overlay-type":"","overlay-color":"","overlay-opacity":"","overlay-gradient":""},"tablet":{"background-color":"var(--ast-global-color-5)","background-image":"","background-repeat":"repeat","background-position":"center center","background-size":"auto","background-attachment":"scroll","background-type":"","background-media":"","overlay-type":"","overlay-color":"","overlay-opacity":"","overlay-gradient":""},"mobile":{"background-color":"var(--ast-global-color-5)","background-image":"","background-repeat":"repeat","background-position":"center center","background-size":"auto","background-attachment":"scroll","background-type":"","background-media":"","overlay-type":"","overlay-color":"","overlay-opacity":"","overlay-gradient":""}}},"product_brand":[],"product_cat":[287,349],"product_tag":[],"class_list":{"0":"post-14107","1":"product","2":"type-product","3":"status-publish","4":"has-post-thumbnail","6":"product_cat-adaptadores-usb","7":"product_cat-conectividad","8":"desktop-align-left","9":"tablet-align-left","10":"mobile-align-left","12":"first","13":"instock","14":"taxable","15":"shipping-taxable","16":"purchasable","17":"product-type-simple"},"aioseo_notices":[],"_links":{"self":[{"href":"https:\/\/pconeargentina.com.ar\/index.php?rest_route=\/wp\/v2\/product\/14107","targetHints":{"allow":["GET"]}}],"collection":[{"href":"https:\/\/pconeargentina.com.ar\/index.php?rest_route=\/wp\/v2\/product"}],"about":[{"href":"https:\/\/pconeargentina.com.ar\/index.php?rest_route=\/wp\/v2\/types\/product"}],"version-history":[{"count":4,"href":"https:\/\/pconeargentina.com.ar\/index.php?rest_route=\/wp\/v2\/product\/14107\/revisions"}],"predecessor-version":[{"id":123067,"href":"https:\/\/pconeargentina.com.ar\/index.php?rest_route=\/wp\/v2\/product\/14107\/revisions\/123067"}],"wp:featuredmedia":[{"embeddable":true,"href":"https:\/\/pconeargentina.com.ar\/index.php?rest_route=\/wp\/v2\/media\/113722"}],"wp:attachment":[{"href":"https:\/\/pconeargentina.com.ar\/index.php?rest_route=%2Fwp%2Fv2%2Fmedia&parent=14107"}],"wp:term":[{"taxonomy":"product_brand","embeddable":true,"href":"https:\/\/pconeargentina.com.ar\/index.php?rest_route=%2Fwp%2Fv2%2Fproduct_brand&post=14107"},{"taxonomy":"product_cat","embeddable":true,"href":"https:\/\/pconeargentina.com.ar\/index.php?rest_route=%2Fwp%2Fv2%2Fproduct_cat&post=14107"},{"taxonomy":"product_tag","embeddable":true,"href":"https:\/\/pconeargentina.com.ar\/index.php?rest_route=%2Fwp%2Fv2%2Fproduct_tag&post=14107"}],"curies":[{"name":"wp","href":"https:\/\/api.w.org\/{rel}","templated":true}]}}